{"id":14207,"date":"2025-04-03T14:36:18","date_gmt":"2025-04-03T14:36:18","guid":{"rendered":"https:\/\/www.llardinfantspetitsgegants.com\/?page_id=14207"},"modified":"2025-04-03T14:48:32","modified_gmt":"2025-04-03T14:48:32","slug":"politica-de-privacitat","status":"publish","type":"page","link":"https:\/\/www.llardinfantspetitsgegants.com\/index.php\/politica-de-privacitat\/","title":{"rendered":"Pol\u00edtica de privacitat"},"content":{"rendered":"\t\t<div data-elementor-type=\"wp-page\" data-elementor-id=\"14207\" class=\"elementor elementor-14207\">\n\t\t\t\t<div class=\"elementor-element elementor-element-727cd71 e-flex e-con-boxed e-con e-parent\" data-id=\"727cd71\" data-element_type=\"container\">\n\t\t\t\t\t<div class=\"e-con-inner\">\n\t\t\t\t<div class=\"elementor-element elementor-element-dda3c90 elementor-widget elementor-widget-heading\" data-id=\"dda3c90\" data-element_type=\"widget\" data-widget_type=\"heading.default\">\n\t\t\t\t<div class=\"elementor-widget-container\">\n\t\t\t\t\t<h2 class=\"elementor-heading-title elementor-size-default\">\ud83d\udd12 Pol\u00edtica de Privacitat<\/h2>\t\t\t\t<\/div>\n\t\t\t\t<\/div>\n\t\t\t\t\t<\/div>\n\t\t\t\t<\/div>\n\t\t<div class=\"elementor-element elementor-element-8c6f155 e-flex e-con-boxed e-con e-parent\" data-id=\"8c6f155\" data-element_type=\"container\">\n\t\t\t\t\t<div class=\"e-con-inner\">\n\t\t\t\t<div class=\"elementor-element elementor-element-7eb7173 elementor-widget elementor-widget-text-editor\" data-id=\"7eb7173\" data-element_type=\"widget\" data-widget_type=\"text-editor.default\">\n\t\t\t\t<div class=\"elementor-widget-container\">\n\t\t\t\t\t\t\t\t\t<h3 class=\"\" data-start=\"169\" data-end=\"194\"><strong><span style=\"font-size: 17px; font-style: inherit; font-family: Roboto, sans-serif; text-align: var(--text-align);\">1. INFORMACI\u00d3 GENERAL<\/span><\/strong><\/h3><p class=\"\" data-start=\"196\" data-end=\"609\">D\u2019acord amb el que estableix el Reglament (UE) 2016\/679 del Parlament Europeu i del Consell (RGPD), informem que les dades personals que ens facilites a trav\u00e9s d\u2019aquest lloc web seran tractades de manera confidencial i quedaran incorporades als fitxers titularitat de <strong data-start=\"464\" data-end=\"497\">Llar d\u2019Infants Petits Gegants<\/strong>, amb la finalitat de poder prestar els serveis sol\u00b7licitats, aix\u00ed com per l\u2019enviament d\u2019informaci\u00f3 relacionada.<\/p><h3 class=\"\" data-start=\"611\" data-end=\"642\"><strong><span style=\"font-size: 17px; font-style: inherit; color: #f59a2c; font-family: Roboto, sans-serif; text-align: var(--text-align);\">2. FINALITAT DEL TRACTAMENT<\/span><\/strong><\/h3><p class=\"\" data-start=\"644\" data-end=\"682\">Les teves dades es faran servir per a:<\/p><ul data-start=\"683\" data-end=\"932\"><li class=\"\" data-start=\"683\" data-end=\"769\"><p class=\"\" data-start=\"685\" data-end=\"769\">Respondre a consultes o sol\u00b7licituds realitzades a trav\u00e9s del formulari de contacte.<\/p><\/li><li class=\"\" data-start=\"770\" data-end=\"824\"><p class=\"\" data-start=\"772\" data-end=\"824\">Gestionar la relaci\u00f3 comercial o informativa amb tu.<\/p><\/li><li class=\"\" data-start=\"825\" data-end=\"932\"><p class=\"\" data-start=\"827\" data-end=\"932\">Enviar-te comunicacions relacionades amb els nostres serveis (sempre que ho hagis autoritzat pr\u00e8viament).<\/p><\/li><\/ul><h3 class=\"\" data-start=\"934\" data-end=\"966\"><strong><span style=\"font-size: 17px; font-style: inherit; color: #f59a2c; font-family: Roboto, sans-serif; text-align: var(--text-align);\">3. BASE LEGAL DEL TRACTAMENT<\/span><\/strong><\/h3><p class=\"\" data-start=\"968\" data-end=\"1082\">La base legal per al tractament de les teves dades \u00e9s el teu consentiment lliure, espec\u00edfic, informat i inequ\u00edvoc.<\/p><h3 class=\"\" data-start=\"1084\" data-end=\"1115\"><strong><span style=\"color: #f59a2c; font-style: inherit; text-align: var(--text-align); font-family: Roboto, sans-serif; font-size: 1rem;\">4. CONSERVACI\u00d3 DE LES DADES<\/span><\/strong><\/h3><p class=\"\" data-start=\"1117\" data-end=\"1278\">Les teves dades seran conservades durant el temps necessari per complir amb la finalitat per la qual van ser recollides o fins que sol\u00b7licitis la seva supressi\u00f3.<\/p><h3 class=\"\" data-start=\"1280\" data-end=\"1317\"><strong><span style=\"font-size: 17px; font-style: inherit; color: #f59a2c; font-family: Roboto, sans-serif; text-align: var(--text-align);\">5. COMUNICACI\u00d3 DE DADES DE TERCERS<\/span><\/strong><\/h3><p class=\"\" data-start=\"1319\" data-end=\"1475\">Les teves dades <strong data-start=\"1335\" data-end=\"1365\">no seran cedides a tercers<\/strong>, excepte obligaci\u00f3 legal o en cas que sigui estrictament necessari per a la prestaci\u00f3 del servei sol\u00b7licitat.<\/p><h3 class=\"\" data-start=\"1477\" data-end=\"1502\"><strong><span style=\"font-size: 17px; font-style: inherit; color: #f59a2c; font-family: Roboto, sans-serif; text-align: var(--text-align);\">6. DRETS DELS USUARIS<\/span><\/strong><\/h3><p class=\"\" data-start=\"1504\" data-end=\"1627\">Pots exercir els teus drets d\u2019acc\u00e9s, rectificaci\u00f3, supressi\u00f3, oposici\u00f3, limitaci\u00f3 i portabilitat enviant una sol\u00b7licitud a:<\/p><p data-start=\"1504\" data-end=\"1627\"><span style=\"color: #f59a2c;\"><a style=\"color: #f59a2c;\" href=\"mailto:info@llardinfantspetitsgegants.com\">info@llardinfantspetitsgegants.com<\/a><\/span><\/p><p class=\"\" data-start=\"1629\" data-end=\"1737\"><strong data-start=\"1670\" data-end=\"1737\">Carrer Torras i Bages, 32, Local, 08980 Sant Feliu de Llobregat<\/strong><\/p><p class=\"\" data-start=\"1739\" data-end=\"1923\">Tamb\u00e9 tens dret a presentar una reclamaci\u00f3 davant l\u2019Ag\u00e8ncia Espanyola de Protecci\u00f3 de Dades <span style=\"color: #f59a2c;\">(<a class=\"\" style=\"color: #f59a2c;\" href=\"http:\/\/www.aepd.es\" target=\"_new\" rel=\"noopener\" data-start=\"1832\" data-end=\"1843\">www.aepd.es<\/a>)<\/span> si consideres que el tractament de les teves dades no s\u2019ajusta a la normativa.<\/p><h3 class=\"\" data-start=\"1925\" data-end=\"1952\"><strong><span style=\"font-size: 17px; font-style: inherit; color: #f59a2c; font-family: Roboto, sans-serif; text-align: var(--text-align);\">7. MESURES DE SEGURETAT<\/span><\/strong><\/h3><p class=\"\" data-start=\"1954\" data-end=\"2138\">Hem adoptat les mesures t\u00e8cniques i organitzatives necess\u00e0ries per garantir la seguretat de les teves dades personals i evitar-ne l\u2019alteraci\u00f3, p\u00e8rdua, tractament o acc\u00e9s no autoritzat.<\/p>\t\t\t\t\t\t\t\t<\/div>\n\t\t\t\t<\/div>\n\t\t\t\t\t<\/div>\n\t\t\t\t<\/div>\n\t\t<footer class=\"elementor-element elementor-element-674e904e e-con-full e-flex e-con e-parent\" data-id=\"674e904e\" data-element_type=\"container\" data-settings=\"{&quot;background_background&quot;:&quot;classic&quot;}\">\n\t\t<div class=\"elementor-element elementor-element-6b4d5002 e-con-full e-flex e-con e-child\" data-id=\"6b4d5002\" data-element_type=\"container\">\n\t\t\t\t<div class=\"elementor-element elementor-element-688980d8 elementor-widget elementor-widget-image\" data-id=\"688980d8\" data-element_type=\"widget\" data-widget_type=\"image.default\">\n\t\t\t\t<div class=\"elementor-widget-container\">\n\t\t\t\t\t\t\t\t\t\t\t\t\t\t\t<img decoding=\"async\" width=\"411\" height=\"104\" src=\"https:\/\/www.llardinfantspetitsgegants.com\/wp-content\/uploads\/2024\/11\/cropped-canva-removebg-preview-359x91.png\" class=\"attachment-full size-full wp-image-17\" alt=\"\" srcset=\"https:\/\/www.llardinfantspetitsgegants.com\/wp-content\/uploads\/2024\/11\/cropped-canva-removebg-preview.png 411w, https:\/\/www.llardinfantspetitsgegants.com\/wp-content\/uploads\/2024\/11\/cropped-canva-removebg-preview-300x76.png 300w, https:\/\/www.llardinfantspetitsgegants.com\/wp-content\/uploads\/2024\/11\/cropped-canva-removebg-preview-359x91.png 359w\" sizes=\"(max-width: 411px) 100vw, 411px\" \/>\t\t\t\t\t\t\t\t\t\t\t\t\t\t\t<\/div>\n\t\t\t\t<\/div>\n\t\t\t\t<\/div>\n\t\t<div class=\"elementor-element elementor-element-48104fe3 e-con-full e-flex e-con e-child\" data-id=\"48104fe3\" data-element_type=\"container\">\n\t\t\t\t<div class=\"elementor-element elementor-element-1b831b6c elementor-icon-list--layout-inline elementor-tablet-align-center elementor-align-center elementor-list-item-link-full_width elementor-widget elementor-widget-icon-list\" data-id=\"1b831b6c\" data-element_type=\"widget\" data-widget_type=\"icon-list.default\">\n\t\t\t\t<div class=\"elementor-widget-container\">\n\t\t\t\t\t\t\t<ul class=\"elementor-icon-list-items elementor-inline-items\">\n\t\t\t\t\t\t\t<li class=\"elementor-icon-list-item elementor-inline-item\">\n\t\t\t\t\t\t\t\t\t\t<span class=\"elementor-icon-list-text\">93 685 59 11 \/ 691 51 98 24<\/span>\n\t\t\t\t\t\t\t\t\t<\/li>\n\t\t\t\t\t\t\t\t<li class=\"elementor-icon-list-item elementor-inline-item\">\n\t\t\t\t\t\t\t\t\t\t<span class=\"elementor-icon-list-text\">Carrer Torras i Bages, 32, 08980 Sant Feliu Llobregat<\/span>\n\t\t\t\t\t\t\t\t\t<\/li>\n\t\t\t\t\t\t\t\t<li class=\"elementor-icon-list-item elementor-inline-item\">\n\t\t\t\t\t\t\t\t\t\t<span class=\"elementor-icon-list-text\">Dilluns a Divendres 7:15 - 18:00<\/span>\n\t\t\t\t\t\t\t\t\t<\/li>\n\t\t\t\t\t\t<\/ul>\n\t\t\t\t\t\t<\/div>\n\t\t\t\t<\/div>\n\t\t\t\t<\/div>\n\t\t<div class=\"elementor-element elementor-element-409d24dd e-con-full e-flex e-con e-child\" data-id=\"409d24dd\" data-element_type=\"container\">\n\t\t\t\t<div class=\"elementor-element elementor-element-556f9e0 e-grid-align-right e-grid-align-tablet-right e-grid-align-mobile-center elementor-widget-mobile__width-inherit elementor-shape-rounded elementor-grid-0 elementor-widget elementor-widget-social-icons\" data-id=\"556f9e0\" data-element_type=\"widget\" data-widget_type=\"social-icons.default\">\n\t\t\t\t<div class=\"elementor-widget-container\">\n\t\t\t\t\t\t\t<div class=\"elementor-social-icons-wrapper elementor-grid\">\n\t\t\t\t\t\t\t<span class=\"elementor-grid-item\">\n\t\t\t\t\t<a class=\"elementor-icon elementor-social-icon elementor-social-icon-instagram elementor-repeater-item-5c0ce3c\" href=\"https:\/\/www.instagram.com\/llardinfantspetitsgegants\/\" target=\"_blank\">\n\t\t\t\t\t\t<span class=\"elementor-screen-only\">Instagram<\/span>\n\t\t\t\t\t\t<svg class=\"e-font-icon-svg e-fab-instagram\" viewBox=\"0 0 448 512\" xmlns=\"http:\/\/www.w3.org\/2000\/svg\"><path d=\"M224.1 141c-63.6 0-114.9 51.3-114.9 114.9s51.3 114.9 114.9 114.9S339 319.5 339 255.9 287.7 141 224.1 141zm0 189.6c-41.1 0-74.7-33.5-74.7-74.7s33.5-74.7 74.7-74.7 74.7 33.5 74.7 74.7-33.6 74.7-74.7 74.7zm146.4-194.3c0 14.9-12 26.8-26.8 26.8-14.9 0-26.8-12-26.8-26.8s12-26.8 26.8-26.8 26.8 12 26.8 26.8zm76.1 27.2c-1.7-35.9-9.9-67.7-36.2-93.9-26.2-26.2-58-34.4-93.9-36.2-37-2.1-147.9-2.1-184.9 0-35.8 1.7-67.6 9.9-93.9 36.1s-34.4 58-36.2 93.9c-2.1 37-2.1 147.9 0 184.9 1.7 35.9 9.9 67.7 36.2 93.9s58 34.4 93.9 36.2c37 2.1 147.9 2.1 184.9 0 35.9-1.7 67.7-9.9 93.9-36.2 26.2-26.2 34.4-58 36.2-93.9 2.1-37 2.1-147.8 0-184.8zM398.8 388c-7.8 19.6-22.9 34.7-42.6 42.6-29.5 11.7-99.5 9-132.1 9s-102.7 2.6-132.1-9c-19.6-7.8-34.7-22.9-42.6-42.6-11.7-29.5-9-99.5-9-132.1s-2.6-102.7 9-132.1c7.8-19.6 22.9-34.7 42.6-42.6 29.5-11.7 99.5-9 132.1-9s102.7-2.6 132.1 9c19.6 7.8 34.7 22.9 42.6 42.6 11.7 29.5 9 99.5 9 132.1s2.7 102.7-9 132.1z\"><\/path><\/svg>\t\t\t\t\t<\/a>\n\t\t\t\t<\/span>\n\t\t\t\t\t\t\t<span class=\"elementor-grid-item\">\n\t\t\t\t\t<a class=\"elementor-icon elementor-social-icon elementor-social-icon-envelope elementor-repeater-item-828f132\" href=\"mailto:info@llardinfantspetitsgegants.com\" target=\"_blank\">\n\t\t\t\t\t\t<span class=\"elementor-screen-only\">Envelope<\/span>\n\t\t\t\t\t\t<svg class=\"e-font-icon-svg e-fas-envelope\" viewBox=\"0 0 512 512\" xmlns=\"http:\/\/www.w3.org\/2000\/svg\"><path d=\"M502.3 190.8c3.9-3.1 9.7-.2 9.7 4.7V400c0 26.5-21.5 48-48 48H48c-26.5 0-48-21.5-48-48V195.6c0-5 5.7-7.8 9.7-4.7 22.4 17.4 52.1 39.5 154.1 113.6 21.1 15.4 56.7 47.8 92.2 47.6 35.7.3 72-32.8 92.3-47.6 102-74.1 131.6-96.3 154-113.7zM256 320c23.2.4 56.6-29.2 73.4-41.4 132.7-96.3 142.8-104.7 173.4-128.7 5.8-4.5 9.2-11.5 9.2-18.9v-19c0-26.5-21.5-48-48-48H48C21.5 64 0 85.5 0 112v19c0 7.4 3.4 14.3 9.2 18.9 30.6 23.9 40.7 32.4 173.4 128.7 16.8 12.2 50.2 41.8 73.4 41.4z\"><\/path><\/svg>\t\t\t\t\t<\/a>\n\t\t\t\t<\/span>\n\t\t\t\t\t<\/div>\n\t\t\t\t\t\t<\/div>\n\t\t\t\t<\/div>\n\t\t\t\t<\/div>\n\t\t\t\t<\/footer>\n\t\t<div class=\"elementor-element elementor-element-102a41e e-flex e-con-boxed e-con e-parent\" data-id=\"102a41e\" data-element_type=\"container\">\n\t\t\t\t\t<div class=\"e-con-inner\">\n\t\t\t\t<div class=\"elementor-element elementor-element-599301a elementor-widget-divider--view-line elementor-widget elementor-widget-divider\" data-id=\"599301a\" data-element_type=\"widget\" data-widget_type=\"divider.default\">\n\t\t\t\t<div class=\"elementor-widget-container\">\n\t\t\t\t\t\t\t<div class=\"elementor-divider\">\n\t\t\t<span class=\"elementor-divider-separator\">\n\t\t\t\t\t\t<\/span>\n\t\t<\/div>\n\t\t\t\t\t\t<\/div>\n\t\t\t\t<\/div>\n\t\t\t\t\t<\/div>\n\t\t\t\t<\/div>\n\t\t\t\t<\/div>\n\t\t","protected":false},"excerpt":{"rendered":"<p>\ud83d\udd12 Pol\u00edtica de Privacitat 1. INFORMACI\u00d3 GENERAL D\u2019acord amb el que estableix el Reglament (UE) 2016\/679 del Parlament Europeu i [&hellip;]<\/p>\n","protected":false},"author":1,"featured_media":0,"parent":0,"menu_order":10,"comment_status":"closed","ping_status":"closed","template":"","meta":{"site-sidebar-layout":"no-sidebar","site-content-layout":"","ast-site-content-layout":"full-width-container","site-content-style":"default","site-sidebar-style":"default","ast-global-header-display":"","ast-banner-title-visibility":"","ast-main-header-display":"","ast-hfb-above-header-display":"","ast-hfb-below-header-display":"","ast-hfb-mobile-header-display":"","site-post-title":"disabled","ast-breadcrumbs-content":"","ast-featured-img":"disabled","footer-sml-layout":"","theme-transparent-header-meta":"","adv-header-id-meta":"","stick-header-meta":"","header-above-stick-meta":"","header-main-stick-meta":"","header-below-stick-meta":"","astra-migrate-meta-layouts":"default","ast-page-background-enabled":"default","ast-page-background-meta":{"desktop":{"background-color":"var(--ast-global-color-4)","background-image":"","background-repeat":"repeat","background-position":"center center","background-size":"auto","background-attachment":"scroll","background-type":"","background-media":"","overlay-type":"","overlay-color":"","overlay-opacity":"","overlay-gradient":""},"tablet":{"background-color":"","background-image":"","background-repeat":"repeat","background-position":"center center","background-size":"auto","background-attachment":"scroll","background-type":"","background-media":"","overlay-type":"","overlay-color":"","overlay-opacity":"","overlay-gradient":""},"mobile":{"background-color":"","background-image":"","background-repeat":"repeat","background-position":"center center","background-size":"auto","background-attachment":"scroll","background-type":"","background-media":"","overlay-type":"","overlay-color":"","overlay-opacity":"","overlay-gradient":""}},"ast-content-background-meta":{"desktop":{"background-color":"var(--ast-global-color-5)","background-image":"","background-repeat":"repeat","background-position":"center center","background-size":"auto","background-attachment":"scroll","background-type":"","background-media":"","overlay-type":"","overlay-color":"","overlay-opacity":"","overlay-gradient":""},"tablet":{"background-color":"var(--ast-global-color-5)","background-image":"","background-repeat":"repeat","background-position":"center center","background-size":"auto","background-attachment":"scroll","background-type":"","background-media":"","overlay-type":"","overlay-color":"","overlay-opacity":"","overlay-gradient":""},"mobile":{"background-color":"var(--ast-global-color-5)","background-image":"","background-repeat":"repeat","background-position":"center center","background-size":"auto","background-attachment":"scroll","background-type":"","background-media":"","overlay-type":"","overlay-color":"","overlay-opacity":"","overlay-gradient":""}},"footnotes":""},"class_list":["post-14207","page","type-page","status-publish","hentry"],"_links":{"self":[{"href":"https:\/\/www.llardinfantspetitsgegants.com\/index.php\/wp-json\/wp\/v2\/pages\/14207","targetHints":{"allow":["GET"]}}],"collection":[{"href":"https:\/\/www.llardinfantspetitsgegants.com\/index.php\/wp-json\/wp\/v2\/pages"}],"about":[{"href":"https:\/\/www.llardinfantspetitsgegants.com\/index.php\/wp-json\/wp\/v2\/types\/page"}],"author":[{"embeddable":true,"href":"https:\/\/www.llardinfantspetitsgegants.com\/index.php\/wp-json\/wp\/v2\/users\/1"}],"replies":[{"embeddable":true,"href":"https:\/\/www.llardinfantspetitsgegants.com\/index.php\/wp-json\/wp\/v2\/comments?post=14207"}],"version-history":[{"count":4,"href":"https:\/\/www.llardinfantspetitsgegants.com\/index.php\/wp-json\/wp\/v2\/pages\/14207\/revisions"}],"predecessor-version":[{"id":14211,"href":"https:\/\/www.llardinfantspetitsgegants.com\/index.php\/wp-json\/wp\/v2\/pages\/14207\/revisions\/14211"}],"wp:attachment":[{"href":"https:\/\/www.llardinfantspetitsgegants.com\/index.php\/wp-json\/wp\/v2\/media?parent=14207"}],"curies":[{"name":"wp","href":"https:\/\/api.w.org\/{rel}","templated":true}]}}