{"id":14212,"date":"2025-04-03T14:49:03","date_gmt":"2025-04-03T14:49:03","guid":{"rendered":"https:\/\/www.llardinfantspetitsgegants.com\/?page_id=14212"},"modified":"2025-04-03T15:07:22","modified_gmt":"2025-04-03T15:07:22","slug":"avis-legal","status":"publish","type":"page","link":"https:\/\/www.llardinfantspetitsgegants.com\/index.php\/avis-legal\/","title":{"rendered":"Av\u00eds Legal"},"content":{"rendered":"\t\t<div data-elementor-type=\"wp-page\" data-elementor-id=\"14212\" class=\"elementor elementor-14212\">\n\t\t\t\t<div class=\"elementor-element elementor-element-727cd71 e-flex e-con-boxed e-con e-parent\" data-id=\"727cd71\" data-element_type=\"container\">\n\t\t\t\t\t<div class=\"e-con-inner\">\n\t\t\t\t<div class=\"elementor-element elementor-element-dda3c90 elementor-widget elementor-widget-heading\" data-id=\"dda3c90\" data-element_type=\"widget\" data-widget_type=\"heading.default\">\n\t\t\t\t<div class=\"elementor-widget-container\">\n\t\t\t\t\t<h2 class=\"elementor-heading-title elementor-size-default\"><img decoding=\"async\" draggable=\"false\" role=\"img\" class=\"emoji\" alt=\"\ud83d\udd39\" src=\"https:\/\/s.w.org\/images\/core\/emoji\/15.0.3\/svg\/1f539.svg\"> Av\u00eds Legal <\/h2>\t\t\t\t<\/div>\n\t\t\t\t<\/div>\n\t\t\t\t\t<\/div>\n\t\t\t\t<\/div>\n\t\t<div class=\"elementor-element elementor-element-8c6f155 e-flex e-con-boxed e-con e-parent\" data-id=\"8c6f155\" data-element_type=\"container\">\n\t\t\t\t\t<div class=\"e-con-inner\">\n\t\t\t\t<div class=\"elementor-element elementor-element-7eb7173 elementor-widget elementor-widget-text-editor\" data-id=\"7eb7173\" data-element_type=\"widget\" data-widget_type=\"text-editor.default\">\n\t\t\t\t<div class=\"elementor-widget-container\">\n\t\t\t\t\t\t\t\t\t<h3 data-start=\"169\" data-end=\"194\"><strong><span style=\"font-size: 17px; font-style: inherit; color: #f59a2c; font-family: Roboto, sans-serif; text-align: var(--text-align);\">1. INFORMACI\u00d3 GENERAL<\/span><\/strong><\/h3><p class=\"\" data-start=\"376\" data-end=\"581\">En compliment del deure d&#8217;informaci\u00f3 establert a la Llei 34\/2002, de 11 de juliol, de serveis de la societat de la informaci\u00f3 i comer\u00e7 electr\u00f2nic (LSSI-CE), s\u2019informa que aquest lloc web \u00e9s titularitat de:<\/p><p class=\"\" data-start=\"583\" data-end=\"777\"><strong data-start=\"583\" data-end=\"595\">Titular:<\/strong> Llar d\u2019Infants Petits Gegants<br data-start=\"625\" data-end=\"628\" \/><strong data-start=\"628\" data-end=\"641\">Domicili:<\/strong> Carrer Torras i Bages, 32, Local, 08980 Sant Feliu de Llobregat<br data-start=\"705\" data-end=\"708\" \/><strong data-start=\"708\" data-end=\"742\">Correu electr\u00f2nic de contacte:<\/strong> <span style=\"color: #f59a2c;\"><a class=\"cursor-pointer\" style=\"color: #f59a2c;\" rel=\"noopener\" data-start=\"743\" data-end=\"777\">info@llardinfantspetitsgegants.com<\/a><\/span><\/p><h3 class=\"\" data-start=\"779\" data-end=\"793\"><strong><span style=\"font-size: 17px; font-style: inherit; color: #f59a2c; font-family: Roboto, sans-serif; text-align: var(--text-align);\">2. OBJECTE<\/span><\/strong><\/h3><p class=\"\" data-start=\"795\" data-end=\"976\">Aquest lloc web t\u00e9 com a objectiu principal informar sobre els serveis oferts per Llar d\u2019Infants Petits Gegants, aix\u00ed com facilitar la comunicaci\u00f3 entre usuaris i l\u2019escola infantil.<\/p><p class=\"\" data-start=\"1023\" data-end=\"1307\"><strong><span style=\"color: #f59a2c;\">3. PROPIETAT INTEL\u00b7LECTUAL I INDUSTRIAL<\/span><\/strong><\/p><p class=\"\" data-start=\"1023\" data-end=\"1307\">Tots els continguts d\u2019aquest lloc web (textos, imatges, logotips, arxius, estructura, disseny, etc.) estan protegits per la normativa de propietat intel\u00b7lectual i industrial. La reproducci\u00f3, distribuci\u00f3, comunicaci\u00f3 p\u00fablica o transformaci\u00f3 no autoritzada queda expressament prohibida.<\/p><p class=\"\" data-start=\"1333\" data-end=\"1555\"><strong><span style=\"color: #f59a2c;\">4. RESPONSABILITAT<\/span><\/strong><\/p><p class=\"\" data-start=\"1333\" data-end=\"1555\">Llar d\u2019Infants Petits Gegants no es responsabilitza dels errors o omissions dels continguts ni dels danys derivats de la utilitzaci\u00f3 del lloc web, ni de cap actuaci\u00f3 realitzada en base a la informaci\u00f3 que s\u2019hi proporciona.<\/p><p class=\"\" data-start=\"1582\" data-end=\"1775\"><strong><span style=\"color: #f59a2c;\">5. ENLLA\u00c7OS EXTERNS<\/span><\/strong><\/p><p class=\"\" data-start=\"1582\" data-end=\"1775\">Aquest lloc web pot contenir enlla\u00e7os a p\u00e0gines externes de tercers. Llar d\u2019Infants Petits Gegants no assumeix cap responsabilitat sobre els continguts, pol\u00edtiques o pr\u00e0ctiques d\u2019aquests llocs.<\/p><p class=\"\" data-start=\"1806\" data-end=\"1935\"><strong><span style=\"color: #f59a2c;\">6. LEGISLACI\u00d3 APLICABLE<\/span><\/strong><\/p><p class=\"\" data-start=\"1806\" data-end=\"1935\">Aquest av\u00eds legal es regeix per la legislaci\u00f3 espanyola i qualsevol controv\u00e8rsia ser\u00e0 sotmesa als jutjats i tribunals competents.<\/p>\t\t\t\t\t\t\t\t<\/div>\n\t\t\t\t<\/div>\n\t\t\t\t\t<\/div>\n\t\t\t\t<\/div>\n\t\t<footer class=\"elementor-element elementor-element-674e904e e-con-full e-flex e-con e-parent\" data-id=\"674e904e\" data-element_type=\"container\" data-settings=\"{&quot;background_background&quot;:&quot;classic&quot;}\">\n\t\t<div class=\"elementor-element elementor-element-6b4d5002 e-con-full e-flex e-con e-child\" data-id=\"6b4d5002\" data-element_type=\"container\">\n\t\t\t\t<div class=\"elementor-element elementor-element-688980d8 elementor-widget elementor-widget-image\" data-id=\"688980d8\" data-element_type=\"widget\" data-widget_type=\"image.default\">\n\t\t\t\t<div class=\"elementor-widget-container\">\n\t\t\t\t\t\t\t\t\t\t\t\t\t\t\t<img decoding=\"async\" width=\"411\" height=\"104\" src=\"https:\/\/www.llardinfantspetitsgegants.com\/wp-content\/uploads\/2024\/11\/cropped-canva-removebg-preview-359x91.png\" class=\"attachment-full size-full wp-image-17\" alt=\"\" srcset=\"https:\/\/www.llardinfantspetitsgegants.com\/wp-content\/uploads\/2024\/11\/cropped-canva-removebg-preview.png 411w, https:\/\/www.llardinfantspetitsgegants.com\/wp-content\/uploads\/2024\/11\/cropped-canva-removebg-preview-300x76.png 300w, https:\/\/www.llardinfantspetitsgegants.com\/wp-content\/uploads\/2024\/11\/cropped-canva-removebg-preview-359x91.png 359w\" sizes=\"(max-width: 411px) 100vw, 411px\" \/>\t\t\t\t\t\t\t\t\t\t\t\t\t\t\t<\/div>\n\t\t\t\t<\/div>\n\t\t\t\t<\/div>\n\t\t<div class=\"elementor-element elementor-element-48104fe3 e-con-full e-flex e-con e-child\" data-id=\"48104fe3\" data-element_type=\"container\">\n\t\t\t\t<div class=\"elementor-element elementor-element-1b831b6c elementor-icon-list--layout-inline elementor-tablet-align-center elementor-align-center elementor-list-item-link-full_width elementor-widget elementor-widget-icon-list\" data-id=\"1b831b6c\" data-element_type=\"widget\" data-widget_type=\"icon-list.default\">\n\t\t\t\t<div class=\"elementor-widget-container\">\n\t\t\t\t\t\t\t<ul class=\"elementor-icon-list-items elementor-inline-items\">\n\t\t\t\t\t\t\t<li class=\"elementor-icon-list-item elementor-inline-item\">\n\t\t\t\t\t\t\t\t\t\t<span class=\"elementor-icon-list-text\">93 685 59 11 \/ 691 51 98 24<\/span>\n\t\t\t\t\t\t\t\t\t<\/li>\n\t\t\t\t\t\t\t\t<li class=\"elementor-icon-list-item elementor-inline-item\">\n\t\t\t\t\t\t\t\t\t\t<span class=\"elementor-icon-list-text\">Carrer Torras i Bages, 32, 08980 Sant Feliu Llobregat<\/span>\n\t\t\t\t\t\t\t\t\t<\/li>\n\t\t\t\t\t\t\t\t<li class=\"elementor-icon-list-item elementor-inline-item\">\n\t\t\t\t\t\t\t\t\t\t<span class=\"elementor-icon-list-text\">Dilluns a Divendres 7:15 - 18:00<\/span>\n\t\t\t\t\t\t\t\t\t<\/li>\n\t\t\t\t\t\t<\/ul>\n\t\t\t\t\t\t<\/div>\n\t\t\t\t<\/div>\n\t\t\t\t<\/div>\n\t\t<div class=\"elementor-element elementor-element-409d24dd e-con-full e-flex e-con e-child\" data-id=\"409d24dd\" data-element_type=\"container\">\n\t\t\t\t<div class=\"elementor-element elementor-element-556f9e0 e-grid-align-right e-grid-align-tablet-right e-grid-align-mobile-center elementor-widget-mobile__width-inherit elementor-shape-rounded elementor-grid-0 elementor-widget elementor-widget-social-icons\" data-id=\"556f9e0\" data-element_type=\"widget\" data-widget_type=\"social-icons.default\">\n\t\t\t\t<div class=\"elementor-widget-container\">\n\t\t\t\t\t\t\t<div class=\"elementor-social-icons-wrapper elementor-grid\">\n\t\t\t\t\t\t\t<span class=\"elementor-grid-item\">\n\t\t\t\t\t<a class=\"elementor-icon elementor-social-icon elementor-social-icon-instagram elementor-repeater-item-5c0ce3c\" href=\"https:\/\/www.instagram.com\/llardinfantspetitsgegants\/\" target=\"_blank\">\n\t\t\t\t\t\t<span class=\"elementor-screen-only\">Instagram<\/span>\n\t\t\t\t\t\t<svg class=\"e-font-icon-svg e-fab-instagram\" viewBox=\"0 0 448 512\" xmlns=\"http:\/\/www.w3.org\/2000\/svg\"><path d=\"M224.1 141c-63.6 0-114.9 51.3-114.9 114.9s51.3 114.9 114.9 114.9S339 319.5 339 255.9 287.7 141 224.1 141zm0 189.6c-41.1 0-74.7-33.5-74.7-74.7s33.5-74.7 74.7-74.7 74.7 33.5 74.7 74.7-33.6 74.7-74.7 74.7zm146.4-194.3c0 14.9-12 26.8-26.8 26.8-14.9 0-26.8-12-26.8-26.8s12-26.8 26.8-26.8 26.8 12 26.8 26.8zm76.1 27.2c-1.7-35.9-9.9-67.7-36.2-93.9-26.2-26.2-58-34.4-93.9-36.2-37-2.1-147.9-2.1-184.9 0-35.8 1.7-67.6 9.9-93.9 36.1s-34.4 58-36.2 93.9c-2.1 37-2.1 147.9 0 184.9 1.7 35.9 9.9 67.7 36.2 93.9s58 34.4 93.9 36.2c37 2.1 147.9 2.1 184.9 0 35.9-1.7 67.7-9.9 93.9-36.2 26.2-26.2 34.4-58 36.2-93.9 2.1-37 2.1-147.8 0-184.8zM398.8 388c-7.8 19.6-22.9 34.7-42.6 42.6-29.5 11.7-99.5 9-132.1 9s-102.7 2.6-132.1-9c-19.6-7.8-34.7-22.9-42.6-42.6-11.7-29.5-9-99.5-9-132.1s-2.6-102.7 9-132.1c7.8-19.6 22.9-34.7 42.6-42.6 29.5-11.7 99.5-9 132.1-9s102.7-2.6 132.1 9c19.6 7.8 34.7 22.9 42.6 42.6 11.7 29.5 9 99.5 9 132.1s2.7 102.7-9 132.1z\"><\/path><\/svg>\t\t\t\t\t<\/a>\n\t\t\t\t<\/span>\n\t\t\t\t\t\t\t<span class=\"elementor-grid-item\">\n\t\t\t\t\t<a class=\"elementor-icon elementor-social-icon elementor-social-icon-envelope elementor-repeater-item-828f132\" href=\"mailto:info@llardinfantspetitsgegants.com\" target=\"_blank\">\n\t\t\t\t\t\t<span class=\"elementor-screen-only\">Envelope<\/span>\n\t\t\t\t\t\t<svg class=\"e-font-icon-svg e-fas-envelope\" viewBox=\"0 0 512 512\" xmlns=\"http:\/\/www.w3.org\/2000\/svg\"><path d=\"M502.3 190.8c3.9-3.1 9.7-.2 9.7 4.7V400c0 26.5-21.5 48-48 48H48c-26.5 0-48-21.5-48-48V195.6c0-5 5.7-7.8 9.7-4.7 22.4 17.4 52.1 39.5 154.1 113.6 21.1 15.4 56.7 47.8 92.2 47.6 35.7.3 72-32.8 92.3-47.6 102-74.1 131.6-96.3 154-113.7zM256 320c23.2.4 56.6-29.2 73.4-41.4 132.7-96.3 142.8-104.7 173.4-128.7 5.8-4.5 9.2-11.5 9.2-18.9v-19c0-26.5-21.5-48-48-48H48C21.5 64 0 85.5 0 112v19c0 7.4 3.4 14.3 9.2 18.9 30.6 23.9 40.7 32.4 173.4 128.7 16.8 12.2 50.2 41.8 73.4 41.4z\"><\/path><\/svg>\t\t\t\t\t<\/a>\n\t\t\t\t<\/span>\n\t\t\t\t\t<\/div>\n\t\t\t\t\t\t<\/div>\n\t\t\t\t<\/div>\n\t\t\t\t<\/div>\n\t\t\t\t<\/footer>\n\t\t<div class=\"elementor-element elementor-element-102a41e e-flex e-con-boxed e-con e-parent\" data-id=\"102a41e\" data-element_type=\"container\">\n\t\t\t\t\t<div class=\"e-con-inner\">\n\t\t\t\t<div class=\"elementor-element elementor-element-599301a elementor-widget-divider--view-line elementor-widget elementor-widget-divider\" data-id=\"599301a\" data-element_type=\"widget\" data-widget_type=\"divider.default\">\n\t\t\t\t<div class=\"elementor-widget-container\">\n\t\t\t\t\t\t\t<div class=\"elementor-divider\">\n\t\t\t<span class=\"elementor-divider-separator\">\n\t\t\t\t\t\t<\/span>\n\t\t<\/div>\n\t\t\t\t\t\t<\/div>\n\t\t\t\t<\/div>\n\t\t\t\t\t<\/div>\n\t\t\t\t<\/div>\n\t\t\t\t<\/div>\n\t\t","protected":false},"excerpt":{"rendered":"<p>Av\u00eds Legal 1. INFORMACI\u00d3 GENERAL En compliment del deure d&#8217;informaci\u00f3 establert a la Llei 34\/2002, de 11 de juliol, de [&hellip;]<\/p>\n","protected":false},"author":1,"featured_media":0,"parent":0,"menu_order":10,"comment_status":"closed","ping_status":"closed","template":"","meta":{"site-sidebar-layout":"no-sidebar","site-content-layout":"","ast-site-content-layout":"full-width-container","site-content-style":"default","site-sidebar-style":"default","ast-global-header-display":"","ast-banner-title-visibility":"","ast-main-header-display":"","ast-hfb-above-header-display":"","ast-hfb-below-header-display":"","ast-hfb-mobile-header-display":"","site-post-title":"disabled","ast-breadcrumbs-content":"","ast-featured-img":"disabled","footer-sml-layout":"","theme-transparent-header-meta":"","adv-header-id-meta":"","stick-header-meta":"","header-above-stick-meta":"","header-main-stick-meta":"","header-below-stick-meta":"","astra-migrate-meta-layouts":"default","ast-page-background-enabled":"default","ast-page-background-meta":{"desktop":{"background-color":"var(--ast-global-color-4)","background-image":"","background-repeat":"repeat","background-position":"center center","background-size":"auto","background-attachment":"scroll","background-type":"","background-media":"","overlay-type":"","overlay-color":"","overlay-opacity":"","overlay-gradient":""},"tablet":{"background-color":"","background-image":"","background-repeat":"repeat","background-position":"center center","background-size":"auto","background-attachment":"scroll","background-type":"","background-media":"","overlay-type":"","overlay-color":"","overlay-opacity":"","overlay-gradient":""},"mobile":{"background-color":"","background-image":"","background-repeat":"repeat","background-position":"center center","background-size":"auto","background-attachment":"scroll","background-type":"","background-media":"","overlay-type":"","overlay-color":"","overlay-opacity":"","overlay-gradient":""}},"ast-content-background-meta":{"desktop":{"background-color":"var(--ast-global-color-5)","background-image":"","background-repeat":"repeat","background-position":"center center","background-size":"auto","background-attachment":"scroll","background-type":"","background-media":"","overlay-type":"","overlay-color":"","overlay-opacity":"","overlay-gradient":""},"tablet":{"background-color":"var(--ast-global-color-5)","background-image":"","background-repeat":"repeat","background-position":"center center","background-size":"auto","background-attachment":"scroll","background-type":"","background-media":"","overlay-type":"","overlay-color":"","overlay-opacity":"","overlay-gradient":""},"mobile":{"background-color":"var(--ast-global-color-5)","background-image":"","background-repeat":"repeat","background-position":"center center","background-size":"auto","background-attachment":"scroll","background-type":"","background-media":"","overlay-type":"","overlay-color":"","overlay-opacity":"","overlay-gradient":""}},"footnotes":""},"class_list":["post-14212","page","type-page","status-publish","hentry"],"_links":{"self":[{"href":"https:\/\/www.llardinfantspetitsgegants.com\/index.php\/wp-json\/wp\/v2\/pages\/14212","targetHints":{"allow":["GET"]}}],"collection":[{"href":"https:\/\/www.llardinfantspetitsgegants.com\/index.php\/wp-json\/wp\/v2\/pages"}],"about":[{"href":"https:\/\/www.llardinfantspetitsgegants.com\/index.php\/wp-json\/wp\/v2\/types\/page"}],"author":[{"embeddable":true,"href":"https:\/\/www.llardinfantspetitsgegants.com\/index.php\/wp-json\/wp\/v2\/users\/1"}],"replies":[{"embeddable":true,"href":"https:\/\/www.llardinfantspetitsgegants.com\/index.php\/wp-json\/wp\/v2\/comments?post=14212"}],"version-history":[{"count":7,"href":"https:\/\/www.llardinfantspetitsgegants.com\/index.php\/wp-json\/wp\/v2\/pages\/14212\/revisions"}],"predecessor-version":[{"id":14231,"href":"https:\/\/www.llardinfantspetitsgegants.com\/index.php\/wp-json\/wp\/v2\/pages\/14212\/revisions\/14231"}],"wp:attachment":[{"href":"https:\/\/www.llardinfantspetitsgegants.com\/index.php\/wp-json\/wp\/v2\/media?parent=14212"}],"curies":[{"name":"wp","href":"https:\/\/api.w.org\/{rel}","templated":true}]}}