{"id":14218,"date":"2025-04-03T14:58:24","date_gmt":"2025-04-03T14:58:24","guid":{"rendered":"https:\/\/www.llardinfantspetitsgegants.com\/?page_id=14218"},"modified":"2025-04-03T15:03:26","modified_gmt":"2025-04-03T15:03:26","slug":"politica-de-cookies","status":"publish","type":"page","link":"https:\/\/www.llardinfantspetitsgegants.com\/index.php\/politica-de-cookies\/","title":{"rendered":"Pol\u00edtica de cookies"},"content":{"rendered":"\t\t<div data-elementor-type=\"wp-page\" data-elementor-id=\"14218\" class=\"elementor elementor-14218\">\n\t\t\t\t<div class=\"elementor-element elementor-element-727cd71 e-flex e-con-boxed e-con e-parent\" data-id=\"727cd71\" data-element_type=\"container\">\n\t\t\t\t\t<div class=\"e-con-inner\">\n\t\t\t\t<div class=\"elementor-element elementor-element-dda3c90 elementor-widget elementor-widget-heading\" data-id=\"dda3c90\" data-element_type=\"widget\" data-widget_type=\"heading.default\">\n\t\t\t\t<div class=\"elementor-widget-container\">\n\t\t\t\t\t<h2 class=\"elementor-heading-title elementor-size-default\">\ud83d\udd38 Pol\u00edtica de cookies <\/h2>\t\t\t\t<\/div>\n\t\t\t\t<\/div>\n\t\t\t\t\t<\/div>\n\t\t\t\t<\/div>\n\t\t<div class=\"elementor-element elementor-element-8c6f155 e-flex e-con-boxed e-con e-parent\" data-id=\"8c6f155\" data-element_type=\"container\">\n\t\t\t\t\t<div class=\"e-con-inner\">\n\t\t\t\t<div class=\"elementor-element elementor-element-7eb7173 elementor-widget elementor-widget-text-editor\" data-id=\"7eb7173\" data-element_type=\"widget\" data-widget_type=\"text-editor.default\">\n\t\t\t\t<div class=\"elementor-widget-container\">\n\t\t\t\t\t\t\t\t\t<h3 class=\"\" data-start=\"2005\" data-end=\"2032\"><strong><span style=\"font-size: 17px; font-style: inherit; color: #f59a2c; font-family: Roboto, sans-serif; text-align: var(--text-align);\">1. QUE S\u00d3N LES COOKIES?<\/span><\/strong><\/h3><p class=\"\" data-start=\"2034\" data-end=\"2303\">Les cookies s\u00f3n petits fitxers de dades que s\u2019emmagatzemen al dispositiu de l\u2019usuari quan visita una p\u00e0gina web. Serveixen per recordar informaci\u00f3 sobre la visita, com l\u2019idioma preferit o dades d\u2019inici de sessi\u00f3, amb la finalitat de millorar l\u2019experi\u00e8ncia de navegaci\u00f3.<\/p><p class=\"\" data-start=\"2342\" data-end=\"2402\"><strong><span style=\"color: #f59a2c;\">2. TIPUS DE COOKIES UTILITZADES<\/span><\/strong><\/p><p class=\"\" data-start=\"2342\" data-end=\"2402\">Aquest lloc web pot utilitzar els seg\u00fcents tipus de cookies:<\/p><ul data-start=\"2404\" data-end=\"2764\"><li class=\"\" data-start=\"2404\" data-end=\"2509\"><p class=\"\" data-start=\"2406\" data-end=\"2509\"><strong data-start=\"2406\" data-end=\"2428\">Cookies t\u00e8cniques:<\/strong> Necess\u00e0ries per al funcionament del lloc web i per oferir el servei sol\u00b7licitat.<\/p><\/li><li class=\"\" data-start=\"2510\" data-end=\"2653\"><p class=\"\" data-start=\"2512\" data-end=\"2653\"><strong data-start=\"2512\" data-end=\"2534\">Cookies d\u2019an\u00e0lisi:<\/strong> Utilitzades per analitzar el comportament dels usuaris i millorar el servei, per exemple a trav\u00e9s de Google Analytics.<\/p><\/li><li class=\"\" data-start=\"2654\" data-end=\"2764\"><p class=\"\" data-start=\"2656\" data-end=\"2764\"><strong data-start=\"2656\" data-end=\"2679\">Cookies de tercers:<\/strong> Poden ser utilitzades per serveis externs com Google Maps, YouTube o xarxes socials.<\/p><\/li><\/ul><h3 class=\"\" data-start=\"2766\" data-end=\"2785\"><span style=\"font-size: 17px; font-style: inherit; font-weight: inherit; color: #ffffff; font-family: Roboto, sans-serif; text-align: var(--text-align);\">3. CONSENTIMENT<\/span><\/h3><p class=\"\" data-start=\"2787\" data-end=\"2986\">Quan accedeixes al lloc web per primera vegada, se\u2019t mostra un av\u00eds de cookies. En continuar navegant o interactuar amb el lloc, acceptes l\u2019\u00fas de cookies en els termes establerts en aquesta pol\u00edtica.<\/p><p class=\"\" data-start=\"3023\" data-end=\"3092\"><strong><span style=\"color: #f59a2c;\">4. COM DESACTIVAR LES COOKIES<\/span><\/strong><\/p><p class=\"\" data-start=\"3023\" data-end=\"3092\">Pots configurar el teu navegador per rebutjar o eliminar les cookies:<\/p><ul data-start=\"3094\" data-end=\"3682\"><li class=\"\" data-start=\"3094\" data-end=\"3218\"><p class=\"\" data-start=\"3096\" data-end=\"3218\"><strong data-start=\"3096\" data-end=\"3107\">Chrome:<\/strong> <span style=\"color: #f59a2c;\"><a class=\"cursor-pointer\" style=\"color: #f59a2c;\" target=\"_new\" rel=\"noopener\" data-start=\"3108\" data-end=\"3216\">https:\/\/support.google.com\/chrome\/answer\/95647?hl=ca<\/a><\/span><\/p><\/li><li class=\"\" data-start=\"3219\" data-end=\"3372\"><p class=\"\" data-start=\"3221\" data-end=\"3372\"><strong data-start=\"3221\" data-end=\"3233\">Firefox:<\/strong> <span style=\"color: #f59a2c;\"><a class=\"\" style=\"color: #f59a2c;\" href=\"https:\/\/support.mozilla.org\/ca\/kb\/activar-i-desactivar-les-cookies\" target=\"_new\" rel=\"noopener\" data-start=\"3234\" data-end=\"3370\">https:\/\/support.mozilla.org\/ca\/kb\/activar-i-desactivar-les-cookies<\/a><\/span><\/p><\/li><li class=\"\" data-start=\"3373\" data-end=\"3509\"><p class=\"\" data-start=\"3375\" data-end=\"3509\"><strong data-start=\"3375\" data-end=\"3386\">Safari:<\/strong> <span style=\"color: #f59a2c;\"><a class=\"\" style=\"color: #f59a2c;\" href=\"https:\/\/support.apple.com\/ca-es\/guide\/safari\/sfri11471\/mac\" target=\"_new\" rel=\"noopener\" data-start=\"3387\" data-end=\"3507\">https:\/\/support.apple.com\/ca-es\/guide\/safari\/sfri11471\/mac<\/a><\/span><\/p><\/li><li class=\"\" data-start=\"3510\" data-end=\"3682\"><p class=\"\" data-start=\"3512\" data-end=\"3682\"><strong data-start=\"3512\" data-end=\"3521\">Edge:<\/strong> <span style=\"color: #f59a2c;\"><a class=\"\" style=\"color: #f59a2c;\" href=\"https:\/\/support.microsoft.com\/ca-es\/help\/4027947\/microsoft-edge-delete-cookies\" target=\"_new\" rel=\"noopener\" data-start=\"3522\" data-end=\"3682\">https:\/\/support.microsoft.com\/ca-es\/help\/4027947\/microsoft-edge-delete-cookies<\/a><\/span><\/p><\/li><\/ul><h3 class=\"\" data-start=\"3684\" data-end=\"3717\"><span style=\"font-size: 17px; font-style: inherit; font-weight: inherit; color: #f59a2c; font-family: Roboto, sans-serif; text-align: var(--text-align);\">5. MODIFICACI\u00d3 DE LA POL\u00cdTICA<\/span><\/h3><p class=\"\" data-start=\"3719\" data-end=\"3880\">Llar d\u2019Infants Petits Gegants es reserva el dret de modificar aquesta pol\u00edtica de cookies en qualsevol moment per adaptar-la a novetats legislatives o t\u00e8cniques.<\/p>\t\t\t\t\t\t\t\t<\/div>\n\t\t\t\t<\/div>\n\t\t\t\t\t<\/div>\n\t\t\t\t<\/div>\n\t\t<footer class=\"elementor-element elementor-element-674e904e e-con-full e-flex e-con e-parent\" data-id=\"674e904e\" data-element_type=\"container\" data-settings=\"{&quot;background_background&quot;:&quot;classic&quot;}\">\n\t\t<div class=\"elementor-element elementor-element-6b4d5002 e-con-full e-flex e-con e-child\" data-id=\"6b4d5002\" data-element_type=\"container\">\n\t\t\t\t<div class=\"elementor-element elementor-element-688980d8 elementor-widget elementor-widget-image\" data-id=\"688980d8\" data-element_type=\"widget\" data-widget_type=\"image.default\">\n\t\t\t\t<div class=\"elementor-widget-container\">\n\t\t\t\t\t\t\t\t\t\t\t\t\t\t\t<img decoding=\"async\" width=\"411\" height=\"104\" src=\"https:\/\/www.llardinfantspetitsgegants.com\/wp-content\/uploads\/2024\/11\/cropped-canva-removebg-preview-359x91.png\" class=\"attachment-full size-full wp-image-17\" alt=\"\" srcset=\"https:\/\/www.llardinfantspetitsgegants.com\/wp-content\/uploads\/2024\/11\/cropped-canva-removebg-preview.png 411w, https:\/\/www.llardinfantspetitsgegants.com\/wp-content\/uploads\/2024\/11\/cropped-canva-removebg-preview-300x76.png 300w, https:\/\/www.llardinfantspetitsgegants.com\/wp-content\/uploads\/2024\/11\/cropped-canva-removebg-preview-359x91.png 359w\" sizes=\"(max-width: 411px) 100vw, 411px\" \/>\t\t\t\t\t\t\t\t\t\t\t\t\t\t\t<\/div>\n\t\t\t\t<\/div>\n\t\t\t\t<\/div>\n\t\t<div class=\"elementor-element elementor-element-48104fe3 e-con-full e-flex e-con e-child\" data-id=\"48104fe3\" data-element_type=\"container\">\n\t\t\t\t<div class=\"elementor-element elementor-element-1b831b6c elementor-icon-list--layout-inline elementor-tablet-align-center elementor-align-center elementor-list-item-link-full_width elementor-widget elementor-widget-icon-list\" data-id=\"1b831b6c\" data-element_type=\"widget\" data-widget_type=\"icon-list.default\">\n\t\t\t\t<div class=\"elementor-widget-container\">\n\t\t\t\t\t\t\t<ul class=\"elementor-icon-list-items elementor-inline-items\">\n\t\t\t\t\t\t\t<li class=\"elementor-icon-list-item elementor-inline-item\">\n\t\t\t\t\t\t\t\t\t\t<span class=\"elementor-icon-list-text\">93 685 59 11 \/ 691 51 98 24<\/span>\n\t\t\t\t\t\t\t\t\t<\/li>\n\t\t\t\t\t\t\t\t<li class=\"elementor-icon-list-item elementor-inline-item\">\n\t\t\t\t\t\t\t\t\t\t<span class=\"elementor-icon-list-text\">Carrer Torras i Bages, 32, 08980 Sant Feliu Llobregat<\/span>\n\t\t\t\t\t\t\t\t\t<\/li>\n\t\t\t\t\t\t\t\t<li class=\"elementor-icon-list-item elementor-inline-item\">\n\t\t\t\t\t\t\t\t\t\t<span class=\"elementor-icon-list-text\">Dilluns a Divendres 7:15 - 18:00<\/span>\n\t\t\t\t\t\t\t\t\t<\/li>\n\t\t\t\t\t\t<\/ul>\n\t\t\t\t\t\t<\/div>\n\t\t\t\t<\/div>\n\t\t\t\t<\/div>\n\t\t<div class=\"elementor-element elementor-element-409d24dd e-con-full e-flex e-con e-child\" data-id=\"409d24dd\" data-element_type=\"container\">\n\t\t\t\t<div class=\"elementor-element elementor-element-556f9e0 e-grid-align-right e-grid-align-tablet-right e-grid-align-mobile-center elementor-widget-mobile__width-inherit elementor-shape-rounded elementor-grid-0 elementor-widget elementor-widget-social-icons\" data-id=\"556f9e0\" data-element_type=\"widget\" data-widget_type=\"social-icons.default\">\n\t\t\t\t<div class=\"elementor-widget-container\">\n\t\t\t\t\t\t\t<div class=\"elementor-social-icons-wrapper elementor-grid\">\n\t\t\t\t\t\t\t<span class=\"elementor-grid-item\">\n\t\t\t\t\t<a class=\"elementor-icon elementor-social-icon elementor-social-icon-instagram elementor-repeater-item-5c0ce3c\" href=\"https:\/\/www.instagram.com\/llardinfantspetitsgegants\/\" target=\"_blank\">\n\t\t\t\t\t\t<span class=\"elementor-screen-only\">Instagram<\/span>\n\t\t\t\t\t\t<svg class=\"e-font-icon-svg e-fab-instagram\" viewBox=\"0 0 448 512\" xmlns=\"http:\/\/www.w3.org\/2000\/svg\"><path d=\"M224.1 141c-63.6 0-114.9 51.3-114.9 114.9s51.3 114.9 114.9 114.9S339 319.5 339 255.9 287.7 141 224.1 141zm0 189.6c-41.1 0-74.7-33.5-74.7-74.7s33.5-74.7 74.7-74.7 74.7 33.5 74.7 74.7-33.6 74.7-74.7 74.7zm146.4-194.3c0 14.9-12 26.8-26.8 26.8-14.9 0-26.8-12-26.8-26.8s12-26.8 26.8-26.8 26.8 12 26.8 26.8zm76.1 27.2c-1.7-35.9-9.9-67.7-36.2-93.9-26.2-26.2-58-34.4-93.9-36.2-37-2.1-147.9-2.1-184.9 0-35.8 1.7-67.6 9.9-93.9 36.1s-34.4 58-36.2 93.9c-2.1 37-2.1 147.9 0 184.9 1.7 35.9 9.9 67.7 36.2 93.9s58 34.4 93.9 36.2c37 2.1 147.9 2.1 184.9 0 35.9-1.7 67.7-9.9 93.9-36.2 26.2-26.2 34.4-58 36.2-93.9 2.1-37 2.1-147.8 0-184.8zM398.8 388c-7.8 19.6-22.9 34.7-42.6 42.6-29.5 11.7-99.5 9-132.1 9s-102.7 2.6-132.1-9c-19.6-7.8-34.7-22.9-42.6-42.6-11.7-29.5-9-99.5-9-132.1s-2.6-102.7 9-132.1c7.8-19.6 22.9-34.7 42.6-42.6 29.5-11.7 99.5-9 132.1-9s102.7-2.6 132.1 9c19.6 7.8 34.7 22.9 42.6 42.6 11.7 29.5 9 99.5 9 132.1s2.7 102.7-9 132.1z\"><\/path><\/svg>\t\t\t\t\t<\/a>\n\t\t\t\t<\/span>\n\t\t\t\t\t\t\t<span class=\"elementor-grid-item\">\n\t\t\t\t\t<a class=\"elementor-icon elementor-social-icon elementor-social-icon-envelope elementor-repeater-item-828f132\" href=\"mailto:info@llardinfantspetitsgegants.com\" target=\"_blank\">\n\t\t\t\t\t\t<span class=\"elementor-screen-only\">Envelope<\/span>\n\t\t\t\t\t\t<svg class=\"e-font-icon-svg e-fas-envelope\" viewBox=\"0 0 512 512\" xmlns=\"http:\/\/www.w3.org\/2000\/svg\"><path d=\"M502.3 190.8c3.9-3.1 9.7-.2 9.7 4.7V400c0 26.5-21.5 48-48 48H48c-26.5 0-48-21.5-48-48V195.6c0-5 5.7-7.8 9.7-4.7 22.4 17.4 52.1 39.5 154.1 113.6 21.1 15.4 56.7 47.8 92.2 47.6 35.7.3 72-32.8 92.3-47.6 102-74.1 131.6-96.3 154-113.7zM256 320c23.2.4 56.6-29.2 73.4-41.4 132.7-96.3 142.8-104.7 173.4-128.7 5.8-4.5 9.2-11.5 9.2-18.9v-19c0-26.5-21.5-48-48-48H48C21.5 64 0 85.5 0 112v19c0 7.4 3.4 14.3 9.2 18.9 30.6 23.9 40.7 32.4 173.4 128.7 16.8 12.2 50.2 41.8 73.4 41.4z\"><\/path><\/svg>\t\t\t\t\t<\/a>\n\t\t\t\t<\/span>\n\t\t\t\t\t<\/div>\n\t\t\t\t\t\t<\/div>\n\t\t\t\t<\/div>\n\t\t\t\t<\/div>\n\t\t\t\t<\/footer>\n\t\t<div class=\"elementor-element elementor-element-102a41e e-flex e-con-boxed e-con e-parent\" data-id=\"102a41e\" data-element_type=\"container\">\n\t\t\t\t\t<div class=\"e-con-inner\">\n\t\t\t\t<div class=\"elementor-element elementor-element-599301a elementor-widget-divider--view-line elementor-widget elementor-widget-divider\" data-id=\"599301a\" data-element_type=\"widget\" data-widget_type=\"divider.default\">\n\t\t\t\t<div class=\"elementor-widget-container\">\n\t\t\t\t\t\t\t<div class=\"elementor-divider\">\n\t\t\t<span class=\"elementor-divider-separator\">\n\t\t\t\t\t\t<\/span>\n\t\t<\/div>\n\t\t\t\t\t\t<\/div>\n\t\t\t\t<\/div>\n\t\t\t\t\t<\/div>\n\t\t\t\t<\/div>\n\t\t\t\t<\/div>\n\t\t","protected":false},"excerpt":{"rendered":"<p>\ud83d\udd38 Pol\u00edtica de cookies 1. QUE S\u00d3N LES COOKIES? Les cookies s\u00f3n petits fitxers de dades que s\u2019emmagatzemen al dispositiu [&hellip;]<\/p>\n","protected":false},"author":1,"featured_media":0,"parent":0,"menu_order":10,"comment_status":"closed","ping_status":"closed","template":"","meta":{"site-sidebar-layout":"no-sidebar","site-content-layout":"","ast-site-content-layout":"full-width-container","site-content-style":"default","site-sidebar-style":"default","ast-global-header-display":"","ast-banner-title-visibility":"","ast-main-header-display":"","ast-hfb-above-header-display":"","ast-hfb-below-header-display":"","ast-hfb-mobile-header-display":"","site-post-title":"disabled","ast-breadcrumbs-content":"","ast-featured-img":"disabled","footer-sml-layout":"","theme-transparent-header-meta":"","adv-header-id-meta":"","stick-header-meta":"","header-above-stick-meta":"","header-main-stick-meta":"","header-below-stick-meta":"","astra-migrate-meta-layouts":"default","ast-page-background-enabled":"default","ast-page-background-meta":{"desktop":{"background-color":"var(--ast-global-color-4)","background-image":"","background-repeat":"repeat","background-position":"center center","background-size":"auto","background-attachment":"scroll","background-type":"","background-media":"","overlay-type":"","overlay-color":"","overlay-opacity":"","overlay-gradient":""},"tablet":{"background-color":"","background-image":"","background-repeat":"repeat","background-position":"center center","background-size":"auto","background-attachment":"scroll","background-type":"","background-media":"","overlay-type":"","overlay-color":"","overlay-opacity":"","overlay-gradient":""},"mobile":{"background-color":"","background-image":"","background-repeat":"repeat","background-position":"center center","background-size":"auto","background-attachment":"scroll","background-type":"","background-media":"","overlay-type":"","overlay-color":"","overlay-opacity":"","overlay-gradient":""}},"ast-content-background-meta":{"desktop":{"background-color":"var(--ast-global-color-5)","background-image":"","background-repeat":"repeat","background-position":"center center","background-size":"auto","background-attachment":"scroll","background-type":"","background-media":"","overlay-type":"","overlay-color":"","overlay-opacity":"","overlay-gradient":""},"tablet":{"background-color":"var(--ast-global-color-5)","background-image":"","background-repeat":"repeat","background-position":"center center","background-size":"auto","background-attachment":"scroll","background-type":"","background-media":"","overlay-type":"","overlay-color":"","overlay-opacity":"","overlay-gradient":""},"mobile":{"background-color":"var(--ast-global-color-5)","background-image":"","background-repeat":"repeat","background-position":"center center","background-size":"auto","background-attachment":"scroll","background-type":"","background-media":"","overlay-type":"","overlay-color":"","overlay-opacity":"","overlay-gradient":""}},"footnotes":""},"class_list":["post-14218","page","type-page","status-publish","hentry"],"_links":{"self":[{"href":"https:\/\/www.llardinfantspetitsgegants.com\/index.php\/wp-json\/wp\/v2\/pages\/14218","targetHints":{"allow":["GET"]}}],"collection":[{"href":"https:\/\/www.llardinfantspetitsgegants.com\/index.php\/wp-json\/wp\/v2\/pages"}],"about":[{"href":"https:\/\/www.llardinfantspetitsgegants.com\/index.php\/wp-json\/wp\/v2\/types\/page"}],"author":[{"embeddable":true,"href":"https:\/\/www.llardinfantspetitsgegants.com\/index.php\/wp-json\/wp\/v2\/users\/1"}],"replies":[{"embeddable":true,"href":"https:\/\/www.llardinfantspetitsgegants.com\/index.php\/wp-json\/wp\/v2\/comments?post=14218"}],"version-history":[{"count":10,"href":"https:\/\/www.llardinfantspetitsgegants.com\/index.php\/wp-json\/wp\/v2\/pages\/14218\/revisions"}],"predecessor-version":[{"id":14228,"href":"https:\/\/www.llardinfantspetitsgegants.com\/index.php\/wp-json\/wp\/v2\/pages\/14218\/revisions\/14228"}],"wp:attachment":[{"href":"https:\/\/www.llardinfantspetitsgegants.com\/index.php\/wp-json\/wp\/v2\/media?parent=14218"}],"curies":[{"name":"wp","href":"https:\/\/api.w.org\/{rel}","templated":true}]}}